{"id":311,"date":"2026-02-27T17:22:21","date_gmt":"2026-02-27T16:22:21","guid":{"rendered":"https:\/\/imaginoeil.fr\/?page_id=311"},"modified":"2026-02-27T17:32:29","modified_gmt":"2026-02-27T16:32:29","slug":"pg-de-presentation-yves-foubert","status":"publish","type":"page","link":"https:\/\/imaginoeil.fr\/?page_id=311","title":{"rendered":"Pg de pr\u00e9sentation Yves Foubert"},"content":{"rendered":"\n<p>YVES FOUBERT<\/p>\n\n\n\n<blockquote class=\"wp-block-quote is-layout-flow wp-block-quote-is-layout-flow\">\n<p>J\u2019aime cueillir un instant, une pose.<br>Il y a tr\u00e8s longtemps, j\u2019ai d\u00e9couvert la photographie \u00e0 travers les images st\u00e9r\u00e9ographiques de guerre (14\/18) d\u2019Hippolyte Lamoureux, images qui m\u2019ont tant fascin\u00e9, horrifi\u00e9, subjugu\u00e9, \u00e9mu.<\/p>\n\n\n\n<p>Mes premiers salaires m&rsquo;ont permis d&rsquo;acheter un r\u00e9flex Fujitsu. C&rsquo;est avec lui que j&rsquo;ai commenc\u00e9 \u00e0 apprendre \u2026 et il y a encore et toujours \u00e0 apprendre.<\/p>\n\n\n\n<p><a href=\"http:\/\/yvesfoubert.free.fr\/\" target=\"_blank\" rel=\"noreferrer noopener\">SITE PERSO<\/a><\/p>\n<\/blockquote>\n\n\n\n\n\n<hr class=\"wp-block-separator has-alpha-channel-opacity\"\/>\n\n\n","protected":false},"excerpt":{"rendered":"<p>YVES FOUBERT<\/p>\n","protected":false},"author":2,"featured_media":0,"parent":0,"menu_order":0,"comment_status":"closed","ping_status":"closed","template":"","meta":{"footnotes":""},"class_list":["post-311","page","type-page","status-publish","hentry","no-post-thumbnail","post-grid-3-col","entry"],"_links":{"self":[{"href":"https:\/\/imaginoeil.fr\/index.php?rest_route=\/wp\/v2\/pages\/311","targetHints":{"allow":["GET"]}}],"collection":[{"href":"https:\/\/imaginoeil.fr\/index.php?rest_route=\/wp\/v2\/pages"}],"about":[{"href":"https:\/\/imaginoeil.fr\/index.php?rest_route=\/wp\/v2\/types\/page"}],"author":[{"embeddable":true,"href":"https:\/\/imaginoeil.fr\/index.php?rest_route=\/wp\/v2\/users\/2"}],"replies":[{"embeddable":true,"href":"https:\/\/imaginoeil.fr\/index.php?rest_route=%2Fwp%2Fv2%2Fcomments&post=311"}],"version-history":[{"count":8,"href":"https:\/\/imaginoeil.fr\/index.php?rest_route=\/wp\/v2\/pages\/311\/revisions"}],"predecessor-version":[{"id":335,"href":"https:\/\/imaginoeil.fr\/index.php?rest_route=\/wp\/v2\/pages\/311\/revisions\/335"}],"wp:attachment":[{"href":"https:\/\/imaginoeil.fr\/index.php?rest_route=%2Fwp%2Fv2%2Fmedia&parent=311"}],"curies":[{"name":"wp","href":"https:\/\/api.w.org\/{rel}","templated":true}]}}