{"id":315,"date":"2026-02-27T17:18:22","date_gmt":"2026-02-27T16:18:22","guid":{"rendered":"https:\/\/imaginoeil.fr\/?page_id=315"},"modified":"2026-02-27T17:30:59","modified_gmt":"2026-02-27T16:30:59","slug":"enki-djipal","status":"publish","type":"page","link":"https:\/\/imaginoeil.fr\/?page_id=315","title":{"rendered":"Pg de pr\u00e9sentation Enki Djipal"},"content":{"rendered":"\n<p>ENKI DJIPAL<\/p>\n\n\n\n<blockquote class=\"wp-block-quote is-layout-flow wp-block-quote-is-layout-flow\">\n<p>On dit que les archers japonais qui pratiquent le ky\u016bd\u014d ne dirigent pas leur fl\u00e8che&nbsp;: ils sont cette fl\u00e8che, en harmonie avec la cible.<br>J\u2019aime l\u2019id\u00e9e que les photographes font eux aussi totalement corps avec le sujet qu\u2019ils photographient. Dans la rue, face \u00e0 un paysage, dans une salle de danse, j\u2019aime cette id\u00e9e d\u2019\u00eatre en harmonie avec les personnes et les sc\u00e8nes photographi\u00e9es, ce moment de concentration et d\u2019attente du minuscule instant o\u00f9 l\u2019on ressent que voil\u00e0, \u00ab&nbsp;tout est en place&nbsp;\u00bb.<br>Plus tard, sur \u00e9cran (ou sous l&rsquo;agrandisseur), ce moment va revivre, peut-\u00eatre m\u00eame diff\u00e9remment, avec un autre travail d\u2019expression de son propre point de vue&nbsp;: le travail sur une atmosph\u00e8re, une ambiance ou une couleur, la coh\u00e9rence que l&rsquo;on va r\u00e9exprimer dans les images donn\u00e9es \u00e0 voir.<\/p>\n\n\n\n<p>Sites perso :<\/p>\n<ul style=\"list-style-type: square;\">\n<li><a href=\"https:\/\/www.photochromies.fr\/\" target=\"_blank\" rel=\"noopener\">PHOTOCHROMIES<\/a><\/li>\n<li><a href=\"https:\/\/www.facebook.com\/enki.djipal\" target=\"_blank\" rel=\"noopener\">FACEBOOK<\/a><\/li>\n<li><a href=\"https:\/\/www.instagram.com\/djipal\" target=\"_blank\" rel=\"noopener\">INSTAGRAM<\/a><\/li>\n<\/ul>\n\n\n\n<hr class=\"wp-block-separator has-alpha-channel-opacity\"\/>\n<\/blockquote>\n\n\n\t\n\t\t\t\t\t\t\t\t<style>\n\t\t\t\t\t\t\t\t\t#auto-grid-container-5ac9556889373 .media-boxes-load-more-button{\r\n\r\n    font-family: 'Helvetica Neue', Helvetica, Arial, sans-serif;\r\n    cursor: pointer;\r\n    width: 150px;\r\n    text-align: center;\r\n    color: white;\r\n    background-color: #333333;\r\n    font-size: 14px !important;\r\n    height: 15px;\r\n    padding: 10px 15px 10px 15px;\r\n    margin: 0px auto;\r\n    line-height: 15px;\r\n\r\n    -webkit-box-shadow: 0 1px 1px rgba(34,25,25,0.2);\r\n       -moz-box-shadow: 0 1px 1px rgba(34,25,25,0.2);\r\n         -o-box-shadow: 0 1px 1px rgba(34,25,25,0.2);\r\n        -ms-box-shadow: 0 1px 1px rgba(34,25,25,0.2);\r\n            box-shadow: 0 1px 1px rgba(34,25,25,0.2);\r\n\r\n    -webkit-box-sizing: content-box !important;\r\n       -moz-box-sizing: content-box !important;\r\n            box-sizing: content-box !important;\r\n\r\n}\r\n\r\n#auto-grid-container-5ac9556889373 .media-boxes-loading{\r\n\r\n}\r\n\r\n#auto-grid-container-5ac9556889373 .media-boxes-no-more-entries{\r\n\r\n    filter: alpha(opacity=20);\r\n    opacity: 0.2;\r\n\r\n}\r\n\n\n\t\t\t\t\t\t\t\t\t\n\t\t\t\t\t\t\t\t<\/style>\n\t\t\t\t\t\t\t\n\t    \t\t\t\t\t<div id='auto-grid-container-5ac9556889373'>\n    \t\t\t\t\t\t\t<div id='autogrid-grid-5ac9556889373' class='auto-grid-responsive-gallery' data-settings='{&quot;nameDivider&quot;:&quot;-&quot;,&quot;linkTarget&quot;:&quot;new_window&quot;,&quot;limit&quot;:0,&quot;thumbnailsOrder&quot;:&quot;byName&quot;,&quot;fewThumbsFromEach&quot;:true,&quot;globalRatio&quot;:false,&quot;search&quot;:true,&quot;searchWord&quot;:&quot;search&quot;,&quot;filter&quot;:true,&quot;filterAll&quot;:true,&quot;filterAllWord&quot;:&quot;All&quot;,&quot;filterLayout&quot;:&quot;inline&quot;,&quot;filterDefault&quot;:&quot;All&quot;,&quot;filterDropdownEvent&quot;:&quot;hover&quot;,&quot;filterOrder&quot;:&quot;byName&quot;,&quot;itemTemplate&quot;:&quot; \\r\\n&lt;div class=\\&quot;media-box-image mb-open-popup\\&quot; {{link}} data-src=\\&quot;{{popup_src}}\\&quot; data-title=\\&quot;{{name}}\\&quot; data-type=\\&quot;{{popup_type}}\\&quot;&gt;\\r\\n\\t&lt;div data-thumbnail=\\&quot;{{thumb_src}}\\&quot; {{ratio}} data-title=\\&quot;{{name}}\\&quot; data-alt=\\&quot;{{name}}\\&quot;&gt;&lt;\\\/div&gt;\\r\\n\\r\\n\\t&lt;div class=\\&quot;thumbnail-overlay\\&quot;&gt;\\r\\n    \\t&lt;div class=\\&quot;thumbnail-overlay-animated\\&quot; data-from=\\&quot;top\\&quot;&gt;\\r\\n        \\t&lt;div class=\\&quot;media-box-title\\&quot;&gt;{{name}}&lt;\\\/div&gt;\\r\\n    \\t&lt;\\\/div&gt;\\r\\n    \\t&lt;div class=\\&quot;thumbnail-overlay-animated\\&quot; data-from=\\&quot;bottom\\&quot;&gt;\\r\\n        \\t&lt;div class=\\&quot;media-box-date\\&quot;&gt;{{filter}}&lt;\\\/div&gt;\\r\\n    \\t&lt;\\\/div&gt;\\r\\n\\t&lt;\\\/div&gt;\\r\\n&lt;\\\/div&gt;&quot;,&quot;grid&quot;:{&quot;boxesToLoadStart&quot;:9,&quot;boxesToLoad&quot;:9,&quot;minBoxesPerFilter&quot;:9,&quot;lazyLoad&quot;:true,&quot;horizontalSpaceBetweenBoxes&quot;:2,&quot;verticalSpaceBetweenBoxes&quot;:2,&quot;columns&quot;:4,&quot;resolutions&quot;:[{&quot;columnWidth&quot;:&quot;auto&quot;,&quot;maxWidth&quot;:800,&quot;columns&quot;:3},{&quot;columnWidth&quot;:&quot;auto&quot;,&quot;maxWidth&quot;:800,&quot;columns&quot;:3},{&quot;columnWidth&quot;:&quot;auto&quot;,&quot;maxWidth&quot;:800,&quot;columns&quot;:3},{&quot;columnWidth&quot;:&quot;auto&quot;,&quot;maxWidth&quot;:800,&quot;columns&quot;:3},{&quot;columnWidth&quot;:&quot;auto&quot;,&quot;maxWidth&quot;:768,&quot;columns&quot;:2},{&quot;columnWidth&quot;:&quot;auto&quot;,&quot;maxWidth&quot;:640,&quot;columns&quot;:2},{&quot;columnWidth&quot;:&quot;auto&quot;,&quot;maxWidth&quot;:480,&quot;columns&quot;:1}],&quot;waitUntilThumbWithRatioLoads&quot;:false,&quot;waitForAllThumbsNoMatterWhat&quot;:false,&quot;thumbnailOverlay&quot;:true,&quot;overlayEffect&quot;:&quot;fade&quot;,&quot;overlaySpeed&quot;:200,&quot;overlayEasing&quot;:&quot;default&quot;,&quot;showOnlyVisibleBoxesInPopup&quot;:false,&quot;considerFilteringInPopup&quot;:true,&quot;deepLinkingOnPopup&quot;:true,&quot;deepLinkingOnFilter&quot;:true,&quot;deepLinkingOnSearch&quot;:false,&quot;LoadingWord&quot;:&quot;Loading...&quot;,&quot;loadMoreWord&quot;:&quot;Load More&quot;,&quot;noMoreEntriesWord&quot;:&quot;No More Entries&quot;,&quot;popup&quot;:&quot;fancybox&quot;,&quot;magnificpopup&quot;:{&quot;gallery&quot;:true,&quot;alignTop&quot;:false,&quot;preload&quot;:[0,3]},&quot;fancybox&quot;:{&quot;loop&quot;:false,&quot;margin&quot;:[44,0],&quot;keyboard&quot;:true,&quot;arrows&quot;:true,&quot;infobar&quot;:false,&quot;toolbar&quot;:true,&quot;buttons&quot;:[&quot;slideShow&quot;,&quot;fullScreen&quot;,&quot;thumbs&quot;,&quot;close&quot;],&quot;idleTime&quot;:3,&quot;protect&quot;:false,&quot;animationEffect&quot;:&quot;zoom&quot;,&quot;animationDuration&quot;:330,&quot;transitionEffect&quot;:&quot;fade&quot;,&quot;transitionDuration&quot;:330,&quot;slideShow&quot;:{&quot;autoStart&quot;:false,&quot;speed&quot;:4000},&quot;fullScreen&quot;:{&quot;autoStart&quot;:false},&quot;thumbs&quot;:{&quot;autoStart&quot;:false,&quot;hideOnClose&quot;:true},&quot;touch&quot;:{&quot;vertical&quot;:true,&quot;momentum&quot;:true}}}}' auto-grid-data='[{&quot;directory&quot;:&quot;\\\/home\\\/imaginoeih\\\/www\\\/wp-content\\\/plugins\\\/wp_auto_grid\\\/..\\\/..\\\/..\\\/INO-Galeries\\\/GALERIES-PERSO\\\/ED&quot;,&quot;directory_date&quot;:1772222074,&quot;filter&quot;:&quot;&quot;,&quot;extra_filter&quot;:&quot;&quot;,&quot;thumb_src&quot;:&quot;\\\/wp-content\\\/plugins\\\/wp_auto_grid\\\/..\\\/..\\\/..\\\/INO-Galeries\\\/GALERIES-PERSO\\\/ED\\\/P6120214.jpg&quot;,&quot;name&quot;:&quot;P6120214&quot;,&quot;date&quot;:1772222073,&quot;random&quot;:3689,&quot;popup_src&quot;:&quot;\\\/wp-content\\\/plugins\\\/wp_auto_grid\\\/..\\\/..\\\/..\\\/INO-Galeries\\\/GALERIES-PERSO\\\/ED\\\/P6120214.jpg&quot;},{&quot;directory&quot;:&quot;\\\/home\\\/imaginoeih\\\/www\\\/wp-content\\\/plugins\\\/wp_auto_grid\\\/..\\\/..\\\/..\\\/INO-Galeries\\\/GALERIES-PERSO\\\/ED&quot;,&quot;directory_date&quot;:1772222074,&quot;filter&quot;:&quot;&quot;,&quot;extra_filter&quot;:&quot;&quot;,&quot;thumb_src&quot;:&quot;\\\/wp-content\\\/plugins\\\/wp_auto_grid\\\/..\\\/..\\\/..\\\/INO-Galeries\\\/GALERIES-PERSO\\\/ED\\\/P8190040.jpg&quot;,&quot;name&quot;:&quot;P8190040&quot;,&quot;date&quot;:1772222073,&quot;random&quot;:8830,&quot;popup_src&quot;:&quot;\\\/wp-content\\\/plugins\\\/wp_auto_grid\\\/..\\\/..\\\/..\\\/INO-Galeries\\\/GALERIES-PERSO\\\/ED\\\/P8190040.jpg&quot;},{&quot;directory&quot;:&quot;\\\/home\\\/imaginoeih\\\/www\\\/wp-content\\\/plugins\\\/wp_auto_grid\\\/..\\\/..\\\/..\\\/INO-Galeries\\\/GALERIES-PERSO\\\/ED&quot;,&quot;directory_date&quot;:1772222074,&quot;filter&quot;:&quot;&quot;,&quot;extra_filter&quot;:&quot;&quot;,&quot;thumb_src&quot;:&quot;\\\/wp-content\\\/plugins\\\/wp_auto_grid\\\/..\\\/..\\\/..\\\/INO-Galeries\\\/GALERIES-PERSO\\\/ED\\\/P6120178.jpg&quot;,&quot;name&quot;:&quot;P6120178&quot;,&quot;date&quot;:1772222073,&quot;random&quot;:3946,&quot;popup_src&quot;:&quot;\\\/wp-content\\\/plugins\\\/wp_auto_grid\\\/..\\\/..\\\/..\\\/INO-Galeries\\\/GALERIES-PERSO\\\/ED\\\/P6120178.jpg&quot;},{&quot;directory&quot;:&quot;\\\/home\\\/imaginoeih\\\/www\\\/wp-content\\\/plugins\\\/wp_auto_grid\\\/..\\\/..\\\/..\\\/INO-Galeries\\\/GALERIES-PERSO\\\/ED&quot;,&quot;directory_date&quot;:1772222074,&quot;filter&quot;:&quot;&quot;,&quot;extra_filter&quot;:&quot;&quot;,&quot;thumb_src&quot;:&quot;\\\/wp-content\\\/plugins\\\/wp_auto_grid\\\/..\\\/..\\\/..\\\/INO-Galeries\\\/GALERIES-PERSO\\\/ED\\\/P6120083.jpg&quot;,&quot;name&quot;:&quot;P6120083&quot;,&quot;date&quot;:1772222072,&quot;random&quot;:4954,&quot;popup_src&quot;:&quot;\\\/wp-content\\\/plugins\\\/wp_auto_grid\\\/..\\\/..\\\/..\\\/INO-Galeries\\\/GALERIES-PERSO\\\/ED\\\/P6120083.jpg&quot;},{&quot;directory&quot;:&quot;\\\/home\\\/imaginoeih\\\/www\\\/wp-content\\\/plugins\\\/wp_auto_grid\\\/..\\\/..\\\/..\\\/INO-Galeries\\\/GALERIES-PERSO\\\/ED&quot;,&quot;directory_date&quot;:1772222074,&quot;filter&quot;:&quot;&quot;,&quot;extra_filter&quot;:&quot;&quot;,&quot;thumb_src&quot;:&quot;\\\/wp-content\\\/plugins\\\/wp_auto_grid\\\/..\\\/..\\\/..\\\/INO-Galeries\\\/GALERIES-PERSO\\\/ED\\\/P5120093.jpg&quot;,&quot;name&quot;:&quot;P5120093&quot;,&quot;date&quot;:1772222072,&quot;random&quot;:5989,&quot;popup_src&quot;:&quot;\\\/wp-content\\\/plugins\\\/wp_auto_grid\\\/..\\\/..\\\/..\\\/INO-Galeries\\\/GALERIES-PERSO\\\/ED\\\/P5120093.jpg&quot;},{&quot;directory&quot;:&quot;\\\/home\\\/imaginoeih\\\/www\\\/wp-content\\\/plugins\\\/wp_auto_grid\\\/..\\\/..\\\/..\\\/INO-Galeries\\\/GALERIES-PERSO\\\/ED&quot;,&quot;directory_date&quot;:1772222074,&quot;filter&quot;:&quot;&quot;,&quot;extra_filter&quot;:&quot;&quot;,&quot;thumb_src&quot;:&quot;\\\/wp-content\\\/plugins\\\/wp_auto_grid\\\/..\\\/..\\\/..\\\/INO-Galeries\\\/GALERIES-PERSO\\\/ED\\\/P5120094.jpg&quot;,&quot;name&quot;:&quot;P5120094&quot;,&quot;date&quot;:1772222072,&quot;random&quot;:8028,&quot;popup_src&quot;:&quot;\\\/wp-content\\\/plugins\\\/wp_auto_grid\\\/..\\\/..\\\/..\\\/INO-Galeries\\\/GALERIES-PERSO\\\/ED\\\/P5120094.jpg&quot;},{&quot;directory&quot;:&quot;\\\/home\\\/imaginoeih\\\/www\\\/wp-content\\\/plugins\\\/wp_auto_grid\\\/..\\\/..\\\/..\\\/INO-Galeries\\\/GALERIES-PERSO\\\/ED&quot;,&quot;directory_date&quot;:1772222074,&quot;filter&quot;:&quot;&quot;,&quot;extra_filter&quot;:&quot;&quot;,&quot;thumb_src&quot;:&quot;\\\/wp-content\\\/plugins\\\/wp_auto_grid\\\/..\\\/..\\\/..\\\/INO-Galeries\\\/GALERIES-PERSO\\\/ED\\\/P6120174.jpg&quot;,&quot;name&quot;:&quot;P6120174&quot;,&quot;date&quot;:1772222072,&quot;random&quot;:8855,&quot;popup_src&quot;:&quot;\\\/wp-content\\\/plugins\\\/wp_auto_grid\\\/..\\\/..\\\/..\\\/INO-Galeries\\\/GALERIES-PERSO\\\/ED\\\/P6120174.jpg&quot;},{&quot;directory&quot;:&quot;\\\/home\\\/imaginoeih\\\/www\\\/wp-content\\\/plugins\\\/wp_auto_grid\\\/..\\\/..\\\/..\\\/INO-Galeries\\\/GALERIES-PERSO\\\/ED&quot;,&quot;directory_date&quot;:1772222074,&quot;filter&quot;:&quot;&quot;,&quot;extra_filter&quot;:&quot;&quot;,&quot;thumb_src&quot;:&quot;\\\/wp-content\\\/plugins\\\/wp_auto_grid\\\/..\\\/..\\\/..\\\/INO-Galeries\\\/GALERIES-PERSO\\\/ED\\\/P6120106.jpg&quot;,&quot;name&quot;:&quot;P6120106&quot;,&quot;date&quot;:1772222072,&quot;random&quot;:5418,&quot;popup_src&quot;:&quot;\\\/wp-content\\\/plugins\\\/wp_auto_grid\\\/..\\\/..\\\/..\\\/INO-Galeries\\\/GALERIES-PERSO\\\/ED\\\/P6120106.jpg&quot;},{&quot;directory&quot;:&quot;\\\/home\\\/imaginoeih\\\/www\\\/wp-content\\\/plugins\\\/wp_auto_grid\\\/..\\\/..\\\/..\\\/INO-Galeries\\\/GALERIES-PERSO\\\/ED&quot;,&quot;directory_date&quot;:1772222074,&quot;filter&quot;:&quot;&quot;,&quot;extra_filter&quot;:&quot;&quot;,&quot;thumb_src&quot;:&quot;\\\/wp-content\\\/plugins\\\/wp_auto_grid\\\/..\\\/..\\\/..\\\/INO-Galeries\\\/GALERIES-PERSO\\\/ED\\\/PB140108.jpg&quot;,&quot;name&quot;:&quot;PB140108&quot;,&quot;date&quot;:1772222074,&quot;random&quot;:990,&quot;popup_src&quot;:&quot;\\\/wp-content\\\/plugins\\\/wp_auto_grid\\\/..\\\/..\\\/..\\\/INO-Galeries\\\/GALERIES-PERSO\\\/ED\\\/PB140108.jpg&quot;},{&quot;directory&quot;:&quot;\\\/home\\\/imaginoeih\\\/www\\\/wp-content\\\/plugins\\\/wp_auto_grid\\\/..\\\/..\\\/..\\\/INO-Galeries\\\/GALERIES-PERSO\\\/ED&quot;,&quot;directory_date&quot;:1772222074,&quot;filter&quot;:&quot;&quot;,&quot;extra_filter&quot;:&quot;&quot;,&quot;thumb_src&quot;:&quot;\\\/wp-content\\\/plugins\\\/wp_auto_grid\\\/..\\\/..\\\/..\\\/INO-Galeries\\\/GALERIES-PERSO\\\/ED\\\/P6120134.jpg&quot;,&quot;name&quot;:&quot;P6120134&quot;,&quot;date&quot;:1772222072,&quot;random&quot;:6212,&quot;popup_src&quot;:&quot;\\\/wp-content\\\/plugins\\\/wp_auto_grid\\\/..\\\/..\\\/..\\\/INO-Galeries\\\/GALERIES-PERSO\\\/ED\\\/P6120134.jpg&quot;},{&quot;directory&quot;:&quot;\\\/home\\\/imaginoeih\\\/www\\\/wp-content\\\/plugins\\\/wp_auto_grid\\\/..\\\/..\\\/..\\\/INO-Galeries\\\/GALERIES-PERSO\\\/ED&quot;,&quot;directory_date&quot;:1772222074,&quot;filter&quot;:&quot;&quot;,&quot;extra_filter&quot;:&quot;&quot;,&quot;thumb_src&quot;:&quot;\\\/wp-content\\\/plugins\\\/wp_auto_grid\\\/..\\\/..\\\/..\\\/INO-Galeries\\\/GALERIES-PERSO\\\/ED\\\/P7080052.jpg&quot;,&quot;name&quot;:&quot;P7080052&quot;,&quot;date&quot;:1772222073,&quot;random&quot;:8587,&quot;popup_src&quot;:&quot;\\\/wp-content\\\/plugins\\\/wp_auto_grid\\\/..\\\/..\\\/..\\\/INO-Galeries\\\/GALERIES-PERSO\\\/ED\\\/P7080052.jpg&quot;},{&quot;directory&quot;:&quot;\\\/home\\\/imaginoeih\\\/www\\\/wp-content\\\/plugins\\\/wp_auto_grid\\\/..\\\/..\\\/..\\\/INO-Galeries\\\/GALERIES-PERSO\\\/ED&quot;,&quot;directory_date&quot;:1772222074,&quot;filter&quot;:&quot;&quot;,&quot;extra_filter&quot;:&quot;&quot;,&quot;thumb_src&quot;:&quot;\\\/wp-content\\\/plugins\\\/wp_auto_grid\\\/..\\\/..\\\/..\\\/INO-Galeries\\\/GALERIES-PERSO\\\/ED\\\/PB140008.jpg&quot;,&quot;name&quot;:&quot;PB140008&quot;,&quot;date&quot;:1772222074,&quot;random&quot;:9149,&quot;popup_src&quot;:&quot;\\\/wp-content\\\/plugins\\\/wp_auto_grid\\\/..\\\/..\\\/..\\\/INO-Galeries\\\/GALERIES-PERSO\\\/ED\\\/PB140008.jpg&quot;},{&quot;directory&quot;:&quot;\\\/home\\\/imaginoeih\\\/www\\\/wp-content\\\/plugins\\\/wp_auto_grid\\\/..\\\/..\\\/..\\\/INO-Galeries\\\/GALERIES-PERSO\\\/ED&quot;,&quot;directory_date&quot;:1772222074,&quot;filter&quot;:&quot;&quot;,&quot;extra_filter&quot;:&quot;&quot;,&quot;thumb_src&quot;:&quot;\\\/wp-content\\\/plugins\\\/wp_auto_grid\\\/..\\\/..\\\/..\\\/INO-Galeries\\\/GALERIES-PERSO\\\/ED\\\/PB140046.jpg&quot;,&quot;name&quot;:&quot;PB140046&quot;,&quot;date&quot;:1772222074,&quot;random&quot;:2856,&quot;popup_src&quot;:&quot;\\\/wp-content\\\/plugins\\\/wp_auto_grid\\\/..\\\/..\\\/..\\\/INO-Galeries\\\/GALERIES-PERSO\\\/ED\\\/PB140046.jpg&quot;},{&quot;directory&quot;:&quot;\\\/home\\\/imaginoeih\\\/www\\\/wp-content\\\/plugins\\\/wp_auto_grid\\\/..\\\/..\\\/..\\\/INO-Galeries\\\/GALERIES-PERSO\\\/ED&quot;,&quot;directory_date&quot;:1772222074,&quot;filter&quot;:&quot;&quot;,&quot;extra_filter&quot;:&quot;&quot;,&quot;thumb_src&quot;:&quot;\\\/wp-content\\\/plugins\\\/wp_auto_grid\\\/..\\\/..\\\/..\\\/INO-Galeries\\\/GALERIES-PERSO\\\/ED\\\/P6120209.jpg&quot;,&quot;name&quot;:&quot;P6120209&quot;,&quot;date&quot;:1772222073,&quot;random&quot;:8214,&quot;popup_src&quot;:&quot;\\\/wp-content\\\/plugins\\\/wp_auto_grid\\\/..\\\/..\\\/..\\\/INO-Galeries\\\/GALERIES-PERSO\\\/ED\\\/P6120209.jpg&quot;},{&quot;directory&quot;:&quot;\\\/home\\\/imaginoeih\\\/www\\\/wp-content\\\/plugins\\\/wp_auto_grid\\\/..\\\/..\\\/..\\\/INO-Galeries\\\/GALERIES-PERSO\\\/ED&quot;,&quot;directory_date&quot;:1772222074,&quot;filter&quot;:&quot;&quot;,&quot;extra_filter&quot;:&quot;&quot;,&quot;thumb_src&quot;:&quot;\\\/wp-content\\\/plugins\\\/wp_auto_grid\\\/..\\\/..\\\/..\\\/INO-Galeries\\\/GALERIES-PERSO\\\/ED\\\/P7080045.jpg&quot;,&quot;name&quot;:&quot;P7080045&quot;,&quot;date&quot;:1772222073,&quot;random&quot;:9988,&quot;popup_src&quot;:&quot;\\\/wp-content\\\/plugins\\\/wp_auto_grid\\\/..\\\/..\\\/..\\\/INO-Galeries\\\/GALERIES-PERSO\\\/ED\\\/P7080045.jpg&quot;},{&quot;directory&quot;:&quot;\\\/home\\\/imaginoeih\\\/www\\\/wp-content\\\/plugins\\\/wp_auto_grid\\\/..\\\/..\\\/..\\\/INO-Galeries\\\/GALERIES-PERSO\\\/ED&quot;,&quot;directory_date&quot;:1772222074,&quot;filter&quot;:&quot;&quot;,&quot;extra_filter&quot;:&quot;&quot;,&quot;thumb_src&quot;:&quot;\\\/wp-content\\\/plugins\\\/wp_auto_grid\\\/..\\\/..\\\/..\\\/INO-Galeries\\\/GALERIES-PERSO\\\/ED\\\/P8190044.jpg&quot;,&quot;name&quot;:&quot;P8190044&quot;,&quot;date&quot;:1772222073,&quot;random&quot;:1386,&quot;popup_src&quot;:&quot;\\\/wp-content\\\/plugins\\\/wp_auto_grid\\\/..\\\/..\\\/..\\\/INO-Galeries\\\/GALERIES-PERSO\\\/ED\\\/P8190044.jpg&quot;},{&quot;directory&quot;:&quot;\\\/home\\\/imaginoeih\\\/www\\\/wp-content\\\/plugins\\\/wp_auto_grid\\\/..\\\/..\\\/..\\\/INO-Galeries\\\/GALERIES-PERSO\\\/ED&quot;,&quot;directory_date&quot;:1772222074,&quot;filter&quot;:&quot;&quot;,&quot;extra_filter&quot;:&quot;&quot;,&quot;thumb_src&quot;:&quot;\\\/wp-content\\\/plugins\\\/wp_auto_grid\\\/..\\\/..\\\/..\\\/INO-Galeries\\\/GALERIES-PERSO\\\/ED\\\/z-P6170046.jpg&quot;,&quot;name&quot;:&quot;z-P6170046&quot;,&quot;date&quot;:1772222074,&quot;random&quot;:2357,&quot;popup_src&quot;:&quot;\\\/wp-content\\\/plugins\\\/wp_auto_grid\\\/..\\\/..\\\/..\\\/INO-Galeries\\\/GALERIES-PERSO\\\/ED\\\/z-P6170046.jpg&quot;},{&quot;directory&quot;:&quot;\\\/home\\\/imaginoeih\\\/www\\\/wp-content\\\/plugins\\\/wp_auto_grid\\\/..\\\/..\\\/..\\\/INO-Galeries\\\/GALERIES-PERSO\\\/ED&quot;,&quot;directory_date&quot;:1772222074,&quot;filter&quot;:&quot;&quot;,&quot;extra_filter&quot;:&quot;&quot;,&quot;thumb_src&quot;:&quot;\\\/wp-content\\\/plugins\\\/wp_auto_grid\\\/..\\\/..\\\/..\\\/INO-Galeries\\\/GALERIES-PERSO\\\/ED\\\/P7080013.jpg&quot;,&quot;name&quot;:&quot;P7080013&quot;,&quot;date&quot;:1772222073,&quot;random&quot;:9560,&quot;popup_src&quot;:&quot;\\\/wp-content\\\/plugins\\\/wp_auto_grid\\\/..\\\/..\\\/..\\\/INO-Galeries\\\/GALERIES-PERSO\\\/ED\\\/P7080013.jpg&quot;},{&quot;directory&quot;:&quot;\\\/home\\\/imaginoeih\\\/www\\\/wp-content\\\/plugins\\\/wp_auto_grid\\\/..\\\/..\\\/..\\\/INO-Galeries\\\/GALERIES-PERSO\\\/ED&quot;,&quot;directory_date&quot;:1772222074,&quot;filter&quot;:&quot;&quot;,&quot;extra_filter&quot;:&quot;&quot;,&quot;thumb_src&quot;:&quot;\\\/wp-content\\\/plugins\\\/wp_auto_grid\\\/..\\\/..\\\/..\\\/INO-Galeries\\\/GALERIES-PERSO\\\/ED\\\/PB140091.jpg&quot;,&quot;name&quot;:&quot;PB140091&quot;,&quot;date&quot;:1772222074,&quot;random&quot;:1492,&quot;popup_src&quot;:&quot;\\\/wp-content\\\/plugins\\\/wp_auto_grid\\\/..\\\/..\\\/..\\\/INO-Galeries\\\/GALERIES-PERSO\\\/ED\\\/PB140091.jpg&quot;},{&quot;directory&quot;:&quot;\\\/home\\\/imaginoeih\\\/www\\\/wp-content\\\/plugins\\\/wp_auto_grid\\\/..\\\/..\\\/..\\\/INO-Galeries\\\/GALERIES-PERSO\\\/ED&quot;,&quot;directory_date&quot;:1772222074,&quot;filter&quot;:&quot;&quot;,&quot;extra_filter&quot;:&quot;&quot;,&quot;thumb_src&quot;:&quot;\\\/wp-content\\\/plugins\\\/wp_auto_grid\\\/..\\\/..\\\/..\\\/INO-Galeries\\\/GALERIES-PERSO\\\/ED\\\/PA100290.jpg&quot;,&quot;name&quot;:&quot;PA100290&quot;,&quot;date&quot;:1772222074,&quot;random&quot;:5216,&quot;popup_src&quot;:&quot;\\\/wp-content\\\/plugins\\\/wp_auto_grid\\\/..\\\/..\\\/..\\\/INO-Galeries\\\/GALERIES-PERSO\\\/ED\\\/PA100290.jpg&quot;}]'><\/div>\n    \t\t\t\t\t\t<\/div> \n\n\n","protected":false},"excerpt":{"rendered":"<p>ENKI DJIPAL<\/p>\n","protected":false},"author":2,"featured_media":0,"parent":0,"menu_order":0,"comment_status":"closed","ping_status":"closed","template":"","meta":{"footnotes":""},"class_list":["post-315","page","type-page","status-publish","hentry","no-post-thumbnail","post-grid-3-col","entry"],"_links":{"self":[{"href":"https:\/\/imaginoeil.fr\/index.php?rest_route=\/wp\/v2\/pages\/315","targetHints":{"allow":["GET"]}}],"collection":[{"href":"https:\/\/imaginoeil.fr\/index.php?rest_route=\/wp\/v2\/pages"}],"about":[{"href":"https:\/\/imaginoeil.fr\/index.php?rest_route=\/wp\/v2\/types\/page"}],"author":[{"embeddable":true,"href":"https:\/\/imaginoeil.fr\/index.php?rest_route=\/wp\/v2\/users\/2"}],"replies":[{"embeddable":true,"href":"https:\/\/imaginoeil.fr\/index.php?rest_route=%2Fwp%2Fv2%2Fcomments&post=315"}],"version-history":[{"count":4,"href":"https:\/\/imaginoeil.fr\/index.php?rest_route=\/wp\/v2\/pages\/315\/revisions"}],"predecessor-version":[{"id":332,"href":"https:\/\/imaginoeil.fr\/index.php?rest_route=\/wp\/v2\/pages\/315\/revisions\/332"}],"wp:attachment":[{"href":"https:\/\/imaginoeil.fr\/index.php?rest_route=%2Fwp%2Fv2%2Fmedia&parent=315"}],"curies":[{"name":"wp","href":"https:\/\/api.w.org\/{rel}","templated":true}]}}