{"id":366,"date":"2026-02-27T18:48:42","date_gmt":"2026-02-27T17:48:42","guid":{"rendered":"https:\/\/imaginoeil.fr\/?page_id=366"},"modified":"2026-02-27T18:55:44","modified_gmt":"2026-02-27T17:55:44","slug":"pg-de-presentation-david-pages-2","status":"publish","type":"page","link":"https:\/\/imaginoeil.fr\/?page_id=366","title":{"rendered":"Pg de pr\u00e9sentation David Pag\u00e8s"},"content":{"rendered":"\n<p>DAVID PAG\u00c8S<\/p>\n\n\n\n\n\n<blockquote class=\"wp-block-quote is-layout-flow wp-block-quote-is-layout-flow\">\n<p>J&rsquo;essaie de poser un regard curieux sur ce qui m&rsquo;entoure, en oscillant entre la po\u00e9sie du quotidien et quelques clins d&rsquo;\u0153il d&rsquo;humour graphiques.<\/p>\n\n\n\n<p>Ma d\u00e9marche suit principalement trois envies :<\/p>\n<ul style=\"list-style-type: square;\">\n<li style=\"list-style-type: none;\">\n<ul style=\"list-style-type: square;\">\n<li>S&rsquo;amuser du r\u00e9el : les perspectives ou les co\u00efncidences pour trouver un peu d&rsquo;humour ou d&rsquo;absurde dans des sc\u00e8nes ordinaires.<\/li>\n<\/ul>\n<\/li>\n<\/ul>\n<ul style=\"list-style-type: square;\">\n<li style=\"list-style-type: none;\">\n<ul style=\"list-style-type: square;\">\n<li>Chercher l&rsquo;intemporel : parfois, mon regard se fait plus calme et contemplatif.<br \/>Je ne documente pas la r\u00e9alit\u00e9, je m&rsquo;efforce plut\u00f4t d&rsquo;en extraire une petite histoire singuli\u00e8re, et parfois tout en nuances de sable.<\/li>\n<\/ul>\n<\/li>\n<\/ul>\n<ul>\n<li style=\"list-style-type: none;\">\n<ul style=\"list-style-type: square;\">\n<li>Explorer l&rsquo;humain : au travers de ceux qui posent devant moi, immortaliser l&rsquo;\u00e9nergie, la sagesse et le v\u00e9cu sur les visages.<\/li>\n<\/ul>\n<\/li>\n<\/ul>\n<p>Je crois fermement que la beaut\u00e9 r\u00e9side dans l&rsquo;authenticit\u00e9.<\/p>\n<p>Sites perso :<\/p>\n<ul style=\"list-style-type: square;\">\n<li>FACEBOOK\u00a0<\/li>\n<li><a href=\"_wp_link_placeholder\" data-wplink-edit=\"true\">INSTAGRAM<\/a>\u00a0<\/li>\n<\/ul>\n<\/blockquote>\n\n\n\n\n\n<hr class=\"wp-block-separator has-alpha-channel-opacity\"\/>\n\n\n\n\t\n\t\t\t\t\t\t\t\t<style>\n\t\t\t\t\t\t\t\t\t#auto-grid-container-69a1d4d9f0a4e .media-boxes-load-more-button{\r\n\r\n    font-family: 'Helvetica Neue', Helvetica, Arial, sans-serif;\r\n    cursor: pointer;\r\n    width: 150px;\r\n    text-align: center;\r\n    color: white;\r\n    background-color: #333333;\r\n    font-size: 14px !important;\r\n    height: 15px;\r\n    padding: 10px 15px 10px 15px;\r\n    margin: 0px auto;\r\n    line-height: 15px;\r\n\r\n    -webkit-box-shadow: 0 1px 1px rgba(34,25,25,0.2);\r\n       -moz-box-shadow: 0 1px 1px rgba(34,25,25,0.2);\r\n         -o-box-shadow: 0 1px 1px rgba(34,25,25,0.2);\r\n        -ms-box-shadow: 0 1px 1px rgba(34,25,25,0.2);\r\n            box-shadow: 0 1px 1px rgba(34,25,25,0.2);\r\n\r\n    -webkit-box-sizing: content-box !important;\r\n       -moz-box-sizing: content-box !important;\r\n            box-sizing: content-box !important;\r\n\r\n}\r\n\r\n#auto-grid-container-69a1d4d9f0a4e .media-boxes-loading{\r\n\r\n}\r\n\r\n#auto-grid-container-69a1d4d9f0a4e .media-boxes-no-more-entries{\r\n\r\n    filter: alpha(opacity=20);\r\n    opacity: 0.2;\r\n\r\n}\r\n\n\n\t\t\t\t\t\t\t\t\t\n\t\t\t\t\t\t\t\t<\/style>\n\t\t\t\t\t\t\t\n\t    \t\t\t\t\t<div id='auto-grid-container-69a1d4d9f0a4e'>\n    \t\t\t\t\t\t\t<div id='autogrid-grid-69a1d4d9f0a4e' class='auto-grid-responsive-gallery' data-settings='{&quot;nameDivider&quot;:&quot;-&quot;,&quot;linkTarget&quot;:&quot;new_window&quot;,&quot;limit&quot;:0,&quot;thumbnailsOrder&quot;:&quot;byName&quot;,&quot;fewThumbsFromEach&quot;:true,&quot;globalRatio&quot;:false,&quot;search&quot;:true,&quot;searchWord&quot;:&quot;search&quot;,&quot;filter&quot;:true,&quot;filterAll&quot;:true,&quot;filterAllWord&quot;:&quot;All&quot;,&quot;filterLayout&quot;:&quot;inline&quot;,&quot;filterDefault&quot;:&quot;All&quot;,&quot;filterDropdownEvent&quot;:&quot;hover&quot;,&quot;filterOrder&quot;:&quot;byName&quot;,&quot;itemTemplate&quot;:&quot; \\r\\n&lt;div class=\\&quot;media-box-image mb-open-popup\\&quot; {{link}} data-src=\\&quot;{{popup_src}}\\&quot; data-title=\\&quot;{{name}}\\&quot; data-type=\\&quot;{{popup_type}}\\&quot;&gt;\\r\\n\\t&lt;div data-thumbnail=\\&quot;{{thumb_src}}\\&quot; {{ratio}} data-title=\\&quot;{{name}}\\&quot; data-alt=\\&quot;{{name}}\\&quot;&gt;&lt;\\\/div&gt;\\r\\n\\r\\n\\t&lt;div class=\\&quot;thumbnail-overlay\\&quot;&gt;\\r\\n    \\t&lt;div class=\\&quot;thumbnail-overlay-animated\\&quot; data-from=\\&quot;top\\&quot;&gt;\\r\\n        \\t&lt;div class=\\&quot;media-box-title\\&quot;&gt;{{name}}&lt;\\\/div&gt;\\r\\n    \\t&lt;\\\/div&gt;\\r\\n    \\t&lt;div class=\\&quot;thumbnail-overlay-animated\\&quot; data-from=\\&quot;bottom\\&quot;&gt;\\r\\n        \\t&lt;div class=\\&quot;media-box-date\\&quot;&gt;{{filter}}&lt;\\\/div&gt;\\r\\n    \\t&lt;\\\/div&gt;\\r\\n\\t&lt;\\\/div&gt;\\r\\n&lt;\\\/div&gt;&quot;,&quot;grid&quot;:{&quot;boxesToLoadStart&quot;:20,&quot;boxesToLoad&quot;:20,&quot;minBoxesPerFilter&quot;:20,&quot;lazyLoad&quot;:true,&quot;horizontalSpaceBetweenBoxes&quot;:15,&quot;verticalSpaceBetweenBoxes&quot;:15,&quot;columns&quot;:3,&quot;resolutions&quot;:[{&quot;columnWidth&quot;:&quot;auto&quot;,&quot;maxWidth&quot;:1440,&quot;columns&quot;:3},{&quot;columnWidth&quot;:&quot;auto&quot;,&quot;maxWidth&quot;:1280,&quot;columns&quot;:3},{&quot;columnWidth&quot;:&quot;auto&quot;,&quot;maxWidth&quot;:1024,&quot;columns&quot;:3},{&quot;columnWidth&quot;:&quot;auto&quot;,&quot;maxWidth&quot;:966,&quot;columns&quot;:3},{&quot;columnWidth&quot;:&quot;auto&quot;,&quot;maxWidth&quot;:768,&quot;columns&quot;:2},{&quot;columnWidth&quot;:&quot;auto&quot;,&quot;maxWidth&quot;:640,&quot;columns&quot;:2},{&quot;columnWidth&quot;:&quot;auto&quot;,&quot;maxWidth&quot;:480,&quot;columns&quot;:1}],&quot;waitUntilThumbWithRatioLoads&quot;:false,&quot;waitForAllThumbsNoMatterWhat&quot;:false,&quot;thumbnailOverlay&quot;:true,&quot;overlayEffect&quot;:&quot;fade&quot;,&quot;overlaySpeed&quot;:200,&quot;overlayEasing&quot;:&quot;default&quot;,&quot;showOnlyVisibleBoxesInPopup&quot;:false,&quot;considerFilteringInPopup&quot;:true,&quot;deepLinkingOnPopup&quot;:true,&quot;deepLinkingOnFilter&quot;:true,&quot;deepLinkingOnSearch&quot;:false,&quot;LoadingWord&quot;:&quot;Loading...&quot;,&quot;loadMoreWord&quot;:&quot;Load More&quot;,&quot;noMoreEntriesWord&quot;:&quot;No More Entries&quot;,&quot;popup&quot;:&quot;fancybox&quot;,&quot;magnificpopup&quot;:{&quot;gallery&quot;:true,&quot;alignTop&quot;:false,&quot;preload&quot;:[0,3]},&quot;fancybox&quot;:{&quot;loop&quot;:false,&quot;margin&quot;:[44,0],&quot;keyboard&quot;:true,&quot;arrows&quot;:true,&quot;infobar&quot;:false,&quot;toolbar&quot;:true,&quot;buttons&quot;:[&quot;slideShow&quot;,&quot;fullScreen&quot;,&quot;thumbs&quot;,&quot;close&quot;],&quot;idleTime&quot;:3,&quot;protect&quot;:false,&quot;animationEffect&quot;:&quot;zoom&quot;,&quot;animationDuration&quot;:330,&quot;transitionEffect&quot;:&quot;fade&quot;,&quot;transitionDuration&quot;:330,&quot;slideShow&quot;:{&quot;autoStart&quot;:false,&quot;speed&quot;:4000},&quot;fullScreen&quot;:{&quot;autoStart&quot;:false},&quot;thumbs&quot;:{&quot;autoStart&quot;:false,&quot;hideOnClose&quot;:true},&quot;touch&quot;:{&quot;vertical&quot;:true,&quot;momentum&quot;:true}}}}' auto-grid-data='[{&quot;directory&quot;:&quot;\\\/home\\\/imaginoeih\\\/www\\\/wp-content\\\/plugins\\\/wp_auto_grid\\\/..\\\/..\\\/..\\\/INO-Galeries\\\/GALERIES-PERSO\\\/DP&quot;,&quot;directory_date&quot;:1772213318,&quot;filter&quot;:&quot;&quot;,&quot;extra_filter&quot;:&quot;&quot;,&quot;thumb_src&quot;:&quot;\\\/wp-content\\\/plugins\\\/wp_auto_grid\\\/..\\\/..\\\/..\\\/INO-Galeries\\\/GALERIES-PERSO\\\/DP\\\/DavidPages10.jpg&quot;,&quot;name&quot;:&quot;DavidPages10&quot;,&quot;date&quot;:1772213317,&quot;random&quot;:4047,&quot;popup_src&quot;:&quot;\\\/wp-content\\\/plugins\\\/wp_auto_grid\\\/..\\\/..\\\/..\\\/INO-Galeries\\\/GALERIES-PERSO\\\/DP\\\/DavidPages10.jpg&quot;},{&quot;directory&quot;:&quot;\\\/home\\\/imaginoeih\\\/www\\\/wp-content\\\/plugins\\\/wp_auto_grid\\\/..\\\/..\\\/..\\\/INO-Galeries\\\/GALERIES-PERSO\\\/DP&quot;,&quot;directory_date&quot;:1772213318,&quot;filter&quot;:&quot;&quot;,&quot;extra_filter&quot;:&quot;&quot;,&quot;thumb_src&quot;:&quot;\\\/wp-content\\\/plugins\\\/wp_auto_grid\\\/..\\\/..\\\/..\\\/INO-Galeries\\\/GALERIES-PERSO\\\/DP\\\/DavidPages01.jpg&quot;,&quot;name&quot;:&quot;DavidPages01&quot;,&quot;date&quot;:1772213317,&quot;random&quot;:9440,&quot;popup_src&quot;:&quot;\\\/wp-content\\\/plugins\\\/wp_auto_grid\\\/..\\\/..\\\/..\\\/INO-Galeries\\\/GALERIES-PERSO\\\/DP\\\/DavidPages01.jpg&quot;},{&quot;directory&quot;:&quot;\\\/home\\\/imaginoeih\\\/www\\\/wp-content\\\/plugins\\\/wp_auto_grid\\\/..\\\/..\\\/..\\\/INO-Galeries\\\/GALERIES-PERSO\\\/DP&quot;,&quot;directory_date&quot;:1772213318,&quot;filter&quot;:&quot;&quot;,&quot;extra_filter&quot;:&quot;&quot;,&quot;thumb_src&quot;:&quot;\\\/wp-content\\\/plugins\\\/wp_auto_grid\\\/..\\\/..\\\/..\\\/INO-Galeries\\\/GALERIES-PERSO\\\/DP\\\/DavidPages06.jpg&quot;,&quot;name&quot;:&quot;DavidPages06&quot;,&quot;date&quot;:1772213317,&quot;random&quot;:528,&quot;popup_src&quot;:&quot;\\\/wp-content\\\/plugins\\\/wp_auto_grid\\\/..\\\/..\\\/..\\\/INO-Galeries\\\/GALERIES-PERSO\\\/DP\\\/DavidPages06.jpg&quot;},{&quot;directory&quot;:&quot;\\\/home\\\/imaginoeih\\\/www\\\/wp-content\\\/plugins\\\/wp_auto_grid\\\/..\\\/..\\\/..\\\/INO-Galeries\\\/GALERIES-PERSO\\\/DP&quot;,&quot;directory_date&quot;:1772213318,&quot;filter&quot;:&quot;&quot;,&quot;extra_filter&quot;:&quot;&quot;,&quot;thumb_src&quot;:&quot;\\\/wp-content\\\/plugins\\\/wp_auto_grid\\\/..\\\/..\\\/..\\\/INO-Galeries\\\/GALERIES-PERSO\\\/DP\\\/DavidPages08.jpg&quot;,&quot;name&quot;:&quot;DavidPages08&quot;,&quot;date&quot;:1772213317,&quot;random&quot;:4761,&quot;popup_src&quot;:&quot;\\\/wp-content\\\/plugins\\\/wp_auto_grid\\\/..\\\/..\\\/..\\\/INO-Galeries\\\/GALERIES-PERSO\\\/DP\\\/DavidPages08.jpg&quot;},{&quot;directory&quot;:&quot;\\\/home\\\/imaginoeih\\\/www\\\/wp-content\\\/plugins\\\/wp_auto_grid\\\/..\\\/..\\\/..\\\/INO-Galeries\\\/GALERIES-PERSO\\\/DP&quot;,&quot;directory_date&quot;:1772213318,&quot;filter&quot;:&quot;&quot;,&quot;extra_filter&quot;:&quot;&quot;,&quot;thumb_src&quot;:&quot;\\\/wp-content\\\/plugins\\\/wp_auto_grid\\\/..\\\/..\\\/..\\\/INO-Galeries\\\/GALERIES-PERSO\\\/DP\\\/DavidPages11.jpg&quot;,&quot;name&quot;:&quot;DavidPages11&quot;,&quot;date&quot;:1772213318,&quot;random&quot;:8286,&quot;popup_src&quot;:&quot;\\\/wp-content\\\/plugins\\\/wp_auto_grid\\\/..\\\/..\\\/..\\\/INO-Galeries\\\/GALERIES-PERSO\\\/DP\\\/DavidPages11.jpg&quot;},{&quot;directory&quot;:&quot;\\\/home\\\/imaginoeih\\\/www\\\/wp-content\\\/plugins\\\/wp_auto_grid\\\/..\\\/..\\\/..\\\/INO-Galeries\\\/GALERIES-PERSO\\\/DP&quot;,&quot;directory_date&quot;:1772213318,&quot;filter&quot;:&quot;&quot;,&quot;extra_filter&quot;:&quot;&quot;,&quot;thumb_src&quot;:&quot;\\\/wp-content\\\/plugins\\\/wp_auto_grid\\\/..\\\/..\\\/..\\\/INO-Galeries\\\/GALERIES-PERSO\\\/DP\\\/DavidPages09.jpg&quot;,&quot;name&quot;:&quot;DavidPages09&quot;,&quot;date&quot;:1772213317,&quot;random&quot;:1765,&quot;popup_src&quot;:&quot;\\\/wp-content\\\/plugins\\\/wp_auto_grid\\\/..\\\/..\\\/..\\\/INO-Galeries\\\/GALERIES-PERSO\\\/DP\\\/DavidPages09.jpg&quot;},{&quot;directory&quot;:&quot;\\\/home\\\/imaginoeih\\\/www\\\/wp-content\\\/plugins\\\/wp_auto_grid\\\/..\\\/..\\\/..\\\/INO-Galeries\\\/GALERIES-PERSO\\\/DP&quot;,&quot;directory_date&quot;:1772213318,&quot;filter&quot;:&quot;&quot;,&quot;extra_filter&quot;:&quot;&quot;,&quot;thumb_src&quot;:&quot;\\\/wp-content\\\/plugins\\\/wp_auto_grid\\\/..\\\/..\\\/..\\\/INO-Galeries\\\/GALERIES-PERSO\\\/DP\\\/DavidPages07.jpg&quot;,&quot;name&quot;:&quot;DavidPages07&quot;,&quot;date&quot;:1772213317,&quot;random&quot;:4302,&quot;popup_src&quot;:&quot;\\\/wp-content\\\/plugins\\\/wp_auto_grid\\\/..\\\/..\\\/..\\\/INO-Galeries\\\/GALERIES-PERSO\\\/DP\\\/DavidPages07.jpg&quot;},{&quot;directory&quot;:&quot;\\\/home\\\/imaginoeih\\\/www\\\/wp-content\\\/plugins\\\/wp_auto_grid\\\/..\\\/..\\\/..\\\/INO-Galeries\\\/GALERIES-PERSO\\\/DP&quot;,&quot;directory_date&quot;:1772213318,&quot;filter&quot;:&quot;&quot;,&quot;extra_filter&quot;:&quot;&quot;,&quot;thumb_src&quot;:&quot;\\\/wp-content\\\/plugins\\\/wp_auto_grid\\\/..\\\/..\\\/..\\\/INO-Galeries\\\/GALERIES-PERSO\\\/DP\\\/DavidPages03.jpg&quot;,&quot;name&quot;:&quot;DavidPages03&quot;,&quot;date&quot;:1772213317,&quot;random&quot;:2641,&quot;popup_src&quot;:&quot;\\\/wp-content\\\/plugins\\\/wp_auto_grid\\\/..\\\/..\\\/..\\\/INO-Galeries\\\/GALERIES-PERSO\\\/DP\\\/DavidPages03.jpg&quot;},{&quot;directory&quot;:&quot;\\\/home\\\/imaginoeih\\\/www\\\/wp-content\\\/plugins\\\/wp_auto_grid\\\/..\\\/..\\\/..\\\/INO-Galeries\\\/GALERIES-PERSO\\\/DP&quot;,&quot;directory_date&quot;:1772213318,&quot;filter&quot;:&quot;&quot;,&quot;extra_filter&quot;:&quot;&quot;,&quot;thumb_src&quot;:&quot;\\\/wp-content\\\/plugins\\\/wp_auto_grid\\\/..\\\/..\\\/..\\\/INO-Galeries\\\/GALERIES-PERSO\\\/DP\\\/DavidPages04.jpg&quot;,&quot;name&quot;:&quot;DavidPages04&quot;,&quot;date&quot;:1772213317,&quot;random&quot;:5943,&quot;popup_src&quot;:&quot;\\\/wp-content\\\/plugins\\\/wp_auto_grid\\\/..\\\/..\\\/..\\\/INO-Galeries\\\/GALERIES-PERSO\\\/DP\\\/DavidPages04.jpg&quot;},{&quot;directory&quot;:&quot;\\\/home\\\/imaginoeih\\\/www\\\/wp-content\\\/plugins\\\/wp_auto_grid\\\/..\\\/..\\\/..\\\/INO-Galeries\\\/GALERIES-PERSO\\\/DP&quot;,&quot;directory_date&quot;:1772213318,&quot;filter&quot;:&quot;&quot;,&quot;extra_filter&quot;:&quot;&quot;,&quot;thumb_src&quot;:&quot;\\\/wp-content\\\/plugins\\\/wp_auto_grid\\\/..\\\/..\\\/..\\\/INO-Galeries\\\/GALERIES-PERSO\\\/DP\\\/DavidPages15.jpg&quot;,&quot;name&quot;:&quot;DavidPages15&quot;,&quot;date&quot;:1772213318,&quot;random&quot;:2129,&quot;popup_src&quot;:&quot;\\\/wp-content\\\/plugins\\\/wp_auto_grid\\\/..\\\/..\\\/..\\\/INO-Galeries\\\/GALERIES-PERSO\\\/DP\\\/DavidPages15.jpg&quot;},{&quot;directory&quot;:&quot;\\\/home\\\/imaginoeih\\\/www\\\/wp-content\\\/plugins\\\/wp_auto_grid\\\/..\\\/..\\\/..\\\/INO-Galeries\\\/GALERIES-PERSO\\\/DP&quot;,&quot;directory_date&quot;:1772213318,&quot;filter&quot;:&quot;&quot;,&quot;extra_filter&quot;:&quot;&quot;,&quot;thumb_src&quot;:&quot;\\\/wp-content\\\/plugins\\\/wp_auto_grid\\\/..\\\/..\\\/..\\\/INO-Galeries\\\/GALERIES-PERSO\\\/DP\\\/DavidPages12.jpg&quot;,&quot;name&quot;:&quot;DavidPages12&quot;,&quot;date&quot;:1772213318,&quot;random&quot;:5855,&quot;popup_src&quot;:&quot;\\\/wp-content\\\/plugins\\\/wp_auto_grid\\\/..\\\/..\\\/..\\\/INO-Galeries\\\/GALERIES-PERSO\\\/DP\\\/DavidPages12.jpg&quot;},{&quot;directory&quot;:&quot;\\\/home\\\/imaginoeih\\\/www\\\/wp-content\\\/plugins\\\/wp_auto_grid\\\/..\\\/..\\\/..\\\/INO-Galeries\\\/GALERIES-PERSO\\\/DP&quot;,&quot;directory_date&quot;:1772213318,&quot;filter&quot;:&quot;&quot;,&quot;extra_filter&quot;:&quot;&quot;,&quot;thumb_src&quot;:&quot;\\\/wp-content\\\/plugins\\\/wp_auto_grid\\\/..\\\/..\\\/..\\\/INO-Galeries\\\/GALERIES-PERSO\\\/DP\\\/DavidPages05.jpg&quot;,&quot;name&quot;:&quot;DavidPages05&quot;,&quot;date&quot;:1772213317,&quot;random&quot;:5921,&quot;popup_src&quot;:&quot;\\\/wp-content\\\/plugins\\\/wp_auto_grid\\\/..\\\/..\\\/..\\\/INO-Galeries\\\/GALERIES-PERSO\\\/DP\\\/DavidPages05.jpg&quot;},{&quot;directory&quot;:&quot;\\\/home\\\/imaginoeih\\\/www\\\/wp-content\\\/plugins\\\/wp_auto_grid\\\/..\\\/..\\\/..\\\/INO-Galeries\\\/GALERIES-PERSO\\\/DP&quot;,&quot;directory_date&quot;:1772213318,&quot;filter&quot;:&quot;&quot;,&quot;extra_filter&quot;:&quot;&quot;,&quot;thumb_src&quot;:&quot;\\\/wp-content\\\/plugins\\\/wp_auto_grid\\\/..\\\/..\\\/..\\\/INO-Galeries\\\/GALERIES-PERSO\\\/DP\\\/DavidPages02.jpg&quot;,&quot;name&quot;:&quot;DavidPages02&quot;,&quot;date&quot;:1772213317,&quot;random&quot;:5309,&quot;popup_src&quot;:&quot;\\\/wp-content\\\/plugins\\\/wp_auto_grid\\\/..\\\/..\\\/..\\\/INO-Galeries\\\/GALERIES-PERSO\\\/DP\\\/DavidPages02.jpg&quot;},{&quot;directory&quot;:&quot;\\\/home\\\/imaginoeih\\\/www\\\/wp-content\\\/plugins\\\/wp_auto_grid\\\/..\\\/..\\\/..\\\/INO-Galeries\\\/GALERIES-PERSO\\\/DP&quot;,&quot;directory_date&quot;:1772213318,&quot;filter&quot;:&quot;&quot;,&quot;extra_filter&quot;:&quot;&quot;,&quot;thumb_src&quot;:&quot;\\\/wp-content\\\/plugins\\\/wp_auto_grid\\\/..\\\/..\\\/..\\\/INO-Galeries\\\/GALERIES-PERSO\\\/DP\\\/DavidPages13.jpg&quot;,&quot;name&quot;:&quot;DavidPages13&quot;,&quot;date&quot;:1772213318,&quot;random&quot;:9653,&quot;popup_src&quot;:&quot;\\\/wp-content\\\/plugins\\\/wp_auto_grid\\\/..\\\/..\\\/..\\\/INO-Galeries\\\/GALERIES-PERSO\\\/DP\\\/DavidPages13.jpg&quot;},{&quot;directory&quot;:&quot;\\\/home\\\/imaginoeih\\\/www\\\/wp-content\\\/plugins\\\/wp_auto_grid\\\/..\\\/..\\\/..\\\/INO-Galeries\\\/GALERIES-PERSO\\\/DP&quot;,&quot;directory_date&quot;:1772213318,&quot;filter&quot;:&quot;&quot;,&quot;extra_filter&quot;:&quot;&quot;,&quot;thumb_src&quot;:&quot;\\\/wp-content\\\/plugins\\\/wp_auto_grid\\\/..\\\/..\\\/..\\\/INO-Galeries\\\/GALERIES-PERSO\\\/DP\\\/DavidPages14.jpg&quot;,&quot;name&quot;:&quot;DavidPages14&quot;,&quot;date&quot;:1772213318,&quot;random&quot;:6804,&quot;popup_src&quot;:&quot;\\\/wp-content\\\/plugins\\\/wp_auto_grid\\\/..\\\/..\\\/..\\\/INO-Galeries\\\/GALERIES-PERSO\\\/DP\\\/DavidPages14.jpg&quot;}]'><\/div>\n    \t\t\t\t\t\t<\/div> \n\n\n","protected":false},"excerpt":{"rendered":"<p>DAVID PAG\u00c8S<\/p>\n","protected":false},"author":2,"featured_media":0,"parent":0,"menu_order":0,"comment_status":"closed","ping_status":"closed","template":"","meta":{"footnotes":""},"class_list":["post-366","page","type-page","status-publish","hentry","no-post-thumbnail","post-grid-3-col","entry"],"_links":{"self":[{"href":"https:\/\/imaginoeil.fr\/index.php?rest_route=\/wp\/v2\/pages\/366","targetHints":{"allow":["GET"]}}],"collection":[{"href":"https:\/\/imaginoeil.fr\/index.php?rest_route=\/wp\/v2\/pages"}],"about":[{"href":"https:\/\/imaginoeil.fr\/index.php?rest_route=\/wp\/v2\/types\/page"}],"author":[{"embeddable":true,"href":"https:\/\/imaginoeil.fr\/index.php?rest_route=\/wp\/v2\/users\/2"}],"replies":[{"embeddable":true,"href":"https:\/\/imaginoeil.fr\/index.php?rest_route=%2Fwp%2Fv2%2Fcomments&post=366"}],"version-history":[{"count":8,"href":"https:\/\/imaginoeil.fr\/index.php?rest_route=\/wp\/v2\/pages\/366\/revisions"}],"predecessor-version":[{"id":376,"href":"https:\/\/imaginoeil.fr\/index.php?rest_route=\/wp\/v2\/pages\/366\/revisions\/376"}],"wp:attachment":[{"href":"https:\/\/imaginoeil.fr\/index.php?rest_route=%2Fwp%2Fv2%2Fmedia&parent=366"}],"curies":[{"name":"wp","href":"https:\/\/api.w.org\/{rel}","templated":true}]}}