{"id":380,"date":"2026-02-27T18:59:47","date_gmt":"2026-02-27T17:59:47","guid":{"rendered":"https:\/\/imaginoeil.fr\/?page_id=380"},"modified":"2026-02-27T19:07:46","modified_gmt":"2026-02-27T18:07:46","slug":"pg-de-presentation-sylvie-laporte","status":"publish","type":"page","link":"https:\/\/imaginoeil.fr\/?page_id=380","title":{"rendered":"Pg de pr\u00e9sentation Sylvie Laporte"},"content":{"rendered":"\n<p>SYLVIE LAPORTE<\/p>\n\n\n\n<blockquote class=\"wp-block-quote is-layout-flow wp-block-quote-is-layout-flow\">\n<p>Depuis l\u2019enfance, j\u2019ai un attachement particulier \u00e0 la photographie. J\u2019ai conserv\u00e9 des vieux appareils comme s\u2019ils \u00e9taient des tr\u00e9sors, des objets pr\u00e9cieux\u2026<br>Je ne saurais dire pourquoi mais j\u2019aime le geste du photographe qui cadre et cherche \u00e0 raconter quelque chose, peut-\u00eatre \u00e0 faire trace. Je vibre au son du d\u00e9clencheur.<br>L\u2019image n\u2019est pas toujours parfaite, on essaie, on rate, on recommence, parfois on r\u00e9ussit, mais \u00e0 chaque fois c\u2019est une \u00e9motion.<br>Pour moi la photographie ne se r\u00e9sume pas \u00e0 un simple clich\u00e9. Elle ne fige pas le temps, bien au contraire\u00a0: elle est instant narratif d\u2019une vie ou de la vie, raconte une histoire individuelle ou collective.<br>La photo est moment de rencontre, de d\u00e9couverte de soi-m\u00eame et de l\u2019autre. Elle est une aventure.<\/p>\n\n\n<\/blockquote>\n\n\n\n<hr class=\"wp-block-separator has-alpha-channel-opacity\"\/>\n\n\n\n\t\n\t\t\t\t\t\t\t\t<style>\n\t\t\t\t\t\t\t\t\t#auto-grid-container-5ed4218e9c55e .media-boxes-load-more-button{\r\n\r\n    font-family: 'Helvetica Neue', Helvetica, Arial, sans-serif;\r\n    cursor: pointer;\r\n    width: 150px;\r\n    text-align: center;\r\n    color: white;\r\n    background-color: #333333;\r\n    font-size: 14px !important;\r\n    height: 15px;\r\n    padding: 10px 15px 10px 15px;\r\n    margin: 0px auto;\r\n    line-height: 15px;\r\n\r\n    -webkit-box-shadow: 0 1px 1px rgba(34,25,25,0.2);\r\n       -moz-box-shadow: 0 1px 1px rgba(34,25,25,0.2);\r\n         -o-box-shadow: 0 1px 1px rgba(34,25,25,0.2);\r\n        -ms-box-shadow: 0 1px 1px rgba(34,25,25,0.2);\r\n            box-shadow: 0 1px 1px rgba(34,25,25,0.2);\r\n\r\n    -webkit-box-sizing: content-box !important;\r\n       -moz-box-sizing: content-box !important;\r\n            box-sizing: content-box !important;\r\n\r\n}\r\n\r\n#auto-grid-container-5ed4218e9c55e .media-boxes-loading{\r\n\r\n}\r\n\r\n#auto-grid-container-5ed4218e9c55e .media-boxes-no-more-entries{\r\n\r\n    filter: alpha(opacity=20);\r\n    opacity: 0.2;\r\n\r\n}\r\n\n\n\t\t\t\t\t\t\t\t\t\n\t\t\t\t\t\t\t\t<\/style>\n\t\t\t\t\t\t\t\n\t    \t\t\t\t\t<div id='auto-grid-container-5ed4218e9c55e'>\n    \t\t\t\t\t\t\t<div id='autogrid-grid-5ed4218e9c55e' class='auto-grid-responsive-gallery' data-settings='{&quot;nameDivider&quot;:&quot;-&quot;,&quot;linkTarget&quot;:&quot;new_window&quot;,&quot;limit&quot;:0,&quot;thumbnailsOrder&quot;:&quot;byName&quot;,&quot;fewThumbsFromEach&quot;:true,&quot;globalRatio&quot;:false,&quot;search&quot;:true,&quot;searchWord&quot;:&quot;search&quot;,&quot;filter&quot;:true,&quot;filterAll&quot;:true,&quot;filterAllWord&quot;:&quot;All&quot;,&quot;filterLayout&quot;:&quot;inline&quot;,&quot;filterDefault&quot;:&quot;All&quot;,&quot;filterDropdownEvent&quot;:&quot;hover&quot;,&quot;filterOrder&quot;:&quot;byName&quot;,&quot;itemTemplate&quot;:&quot; \\r\\n&lt;div class=\\&quot;media-box-image mb-open-popup\\&quot; {{link}} data-src=\\&quot;{{popup_src}}\\&quot; data-title=\\&quot;{{name}}\\&quot; data-type=\\&quot;{{popup_type}}\\&quot;&gt;\\r\\n\\t&lt;div data-thumbnail=\\&quot;{{thumb_src}}\\&quot; {{ratio}} data-title=\\&quot;{{name}}\\&quot; data-alt=\\&quot;{{name}}\\&quot;&gt;&lt;\\\/div&gt;\\r\\n\\r\\n\\t&lt;div class=\\&quot;thumbnail-overlay\\&quot;&gt;\\r\\n    \\t&lt;div class=\\&quot;thumbnail-overlay-animated\\&quot; data-from=\\&quot;top\\&quot;&gt;\\r\\n        \\t&lt;div class=\\&quot;media-box-title\\&quot;&gt;{{name}}&lt;\\\/div&gt;\\r\\n    \\t&lt;\\\/div&gt;\\r\\n    \\t&lt;div class=\\&quot;thumbnail-overlay-animated\\&quot; data-from=\\&quot;bottom\\&quot;&gt;\\r\\n        \\t&lt;div class=\\&quot;media-box-date\\&quot;&gt;{{filter}}&lt;\\\/div&gt;\\r\\n    \\t&lt;\\\/div&gt;\\r\\n\\t&lt;\\\/div&gt;\\r\\n&lt;\\\/div&gt;&quot;,&quot;grid&quot;:{&quot;boxesToLoadStart&quot;:9,&quot;boxesToLoad&quot;:9,&quot;minBoxesPerFilter&quot;:9,&quot;lazyLoad&quot;:true,&quot;horizontalSpaceBetweenBoxes&quot;:15,&quot;verticalSpaceBetweenBoxes&quot;:15,&quot;columns&quot;:3,&quot;resolutions&quot;:[{&quot;columnWidth&quot;:&quot;auto&quot;,&quot;maxWidth&quot;:1440,&quot;columns&quot;:3},{&quot;columnWidth&quot;:&quot;auto&quot;,&quot;maxWidth&quot;:1280,&quot;columns&quot;:3},{&quot;columnWidth&quot;:&quot;auto&quot;,&quot;maxWidth&quot;:1024,&quot;columns&quot;:3},{&quot;columnWidth&quot;:&quot;auto&quot;,&quot;maxWidth&quot;:966,&quot;columns&quot;:3},{&quot;columnWidth&quot;:&quot;auto&quot;,&quot;maxWidth&quot;:768,&quot;columns&quot;:2},{&quot;columnWidth&quot;:&quot;auto&quot;,&quot;maxWidth&quot;:640,&quot;columns&quot;:2},{&quot;columnWidth&quot;:&quot;auto&quot;,&quot;maxWidth&quot;:480,&quot;columns&quot;:1}],&quot;waitUntilThumbWithRatioLoads&quot;:false,&quot;waitForAllThumbsNoMatterWhat&quot;:false,&quot;thumbnailOverlay&quot;:true,&quot;overlayEffect&quot;:&quot;fade&quot;,&quot;overlaySpeed&quot;:200,&quot;overlayEasing&quot;:&quot;default&quot;,&quot;showOnlyVisibleBoxesInPopup&quot;:false,&quot;considerFilteringInPopup&quot;:true,&quot;deepLinkingOnPopup&quot;:true,&quot;deepLinkingOnFilter&quot;:true,&quot;deepLinkingOnSearch&quot;:false,&quot;LoadingWord&quot;:&quot;Loading...&quot;,&quot;loadMoreWord&quot;:&quot;Load More&quot;,&quot;noMoreEntriesWord&quot;:&quot;No More Entries&quot;,&quot;popup&quot;:&quot;fancybox&quot;,&quot;magnificpopup&quot;:{&quot;gallery&quot;:true,&quot;alignTop&quot;:false,&quot;preload&quot;:[0,3]},&quot;fancybox&quot;:{&quot;loop&quot;:false,&quot;margin&quot;:[44,0],&quot;keyboard&quot;:true,&quot;arrows&quot;:true,&quot;infobar&quot;:false,&quot;toolbar&quot;:true,&quot;buttons&quot;:[&quot;slideShow&quot;,&quot;fullScreen&quot;,&quot;thumbs&quot;,&quot;close&quot;],&quot;idleTime&quot;:3,&quot;protect&quot;:false,&quot;animationEffect&quot;:&quot;zoom&quot;,&quot;animationDuration&quot;:330,&quot;transitionEffect&quot;:&quot;fade&quot;,&quot;transitionDuration&quot;:330,&quot;slideShow&quot;:{&quot;autoStart&quot;:false,&quot;speed&quot;:4000},&quot;fullScreen&quot;:{&quot;autoStart&quot;:false},&quot;thumbs&quot;:{&quot;autoStart&quot;:false,&quot;hideOnClose&quot;:true},&quot;touch&quot;:{&quot;vertical&quot;:true,&quot;momentum&quot;:true}}}}' auto-grid-data='[{&quot;directory&quot;:&quot;\\\/home\\\/imaginoeih\\\/www\\\/wp-content\\\/plugins\\\/wp_auto_grid\\\/..\\\/..\\\/..\\\/INO-Galeries\\\/GALERIES-PERSO\\\/SL&quot;,&quot;directory_date&quot;:1772222075,&quot;filter&quot;:&quot;&quot;,&quot;extra_filter&quot;:&quot;&quot;,&quot;thumb_src&quot;:&quot;\\\/wp-content\\\/plugins\\\/wp_auto_grid\\\/..\\\/..\\\/..\\\/INO-Galeries\\\/GALERIES-PERSO\\\/SL\\\/SL_11.jpg&quot;,&quot;name&quot;:&quot;SL_11&quot;,&quot;date&quot;:1772222075,&quot;random&quot;:1354,&quot;popup_src&quot;:&quot;\\\/wp-content\\\/plugins\\\/wp_auto_grid\\\/..\\\/..\\\/..\\\/INO-Galeries\\\/GALERIES-PERSO\\\/SL\\\/SL_11.jpg&quot;},{&quot;directory&quot;:&quot;\\\/home\\\/imaginoeih\\\/www\\\/wp-content\\\/plugins\\\/wp_auto_grid\\\/..\\\/..\\\/..\\\/INO-Galeries\\\/GALERIES-PERSO\\\/SL&quot;,&quot;directory_date&quot;:1772222075,&quot;filter&quot;:&quot;&quot;,&quot;extra_filter&quot;:&quot;&quot;,&quot;thumb_src&quot;:&quot;\\\/wp-content\\\/plugins\\\/wp_auto_grid\\\/..\\\/..\\\/..\\\/INO-Galeries\\\/GALERIES-PERSO\\\/SL\\\/SL_09.jpg&quot;,&quot;name&quot;:&quot;SL_09&quot;,&quot;date&quot;:1772222075,&quot;random&quot;:1091,&quot;popup_src&quot;:&quot;\\\/wp-content\\\/plugins\\\/wp_auto_grid\\\/..\\\/..\\\/..\\\/INO-Galeries\\\/GALERIES-PERSO\\\/SL\\\/SL_09.jpg&quot;},{&quot;directory&quot;:&quot;\\\/home\\\/imaginoeih\\\/www\\\/wp-content\\\/plugins\\\/wp_auto_grid\\\/..\\\/..\\\/..\\\/INO-Galeries\\\/GALERIES-PERSO\\\/SL&quot;,&quot;directory_date&quot;:1772222075,&quot;filter&quot;:&quot;&quot;,&quot;extra_filter&quot;:&quot;&quot;,&quot;thumb_src&quot;:&quot;\\\/wp-content\\\/plugins\\\/wp_auto_grid\\\/..\\\/..\\\/..\\\/INO-Galeries\\\/GALERIES-PERSO\\\/SL\\\/SL_08.jpg&quot;,&quot;name&quot;:&quot;SL_08&quot;,&quot;date&quot;:1772222075,&quot;random&quot;:3410,&quot;popup_src&quot;:&quot;\\\/wp-content\\\/plugins\\\/wp_auto_grid\\\/..\\\/..\\\/..\\\/INO-Galeries\\\/GALERIES-PERSO\\\/SL\\\/SL_08.jpg&quot;},{&quot;directory&quot;:&quot;\\\/home\\\/imaginoeih\\\/www\\\/wp-content\\\/plugins\\\/wp_auto_grid\\\/..\\\/..\\\/..\\\/INO-Galeries\\\/GALERIES-PERSO\\\/SL&quot;,&quot;directory_date&quot;:1772222075,&quot;filter&quot;:&quot;&quot;,&quot;extra_filter&quot;:&quot;&quot;,&quot;thumb_src&quot;:&quot;\\\/wp-content\\\/plugins\\\/wp_auto_grid\\\/..\\\/..\\\/..\\\/INO-Galeries\\\/GALERIES-PERSO\\\/SL\\\/SL_01.jpg&quot;,&quot;name&quot;:&quot;SL_01&quot;,&quot;date&quot;:1772222074,&quot;random&quot;:3145,&quot;popup_src&quot;:&quot;\\\/wp-content\\\/plugins\\\/wp_auto_grid\\\/..\\\/..\\\/..\\\/INO-Galeries\\\/GALERIES-PERSO\\\/SL\\\/SL_01.jpg&quot;},{&quot;directory&quot;:&quot;\\\/home\\\/imaginoeih\\\/www\\\/wp-content\\\/plugins\\\/wp_auto_grid\\\/..\\\/..\\\/..\\\/INO-Galeries\\\/GALERIES-PERSO\\\/SL&quot;,&quot;directory_date&quot;:1772222075,&quot;filter&quot;:&quot;&quot;,&quot;extra_filter&quot;:&quot;&quot;,&quot;thumb_src&quot;:&quot;\\\/wp-content\\\/plugins\\\/wp_auto_grid\\\/..\\\/..\\\/..\\\/INO-Galeries\\\/GALERIES-PERSO\\\/SL\\\/SL_06.jpg&quot;,&quot;name&quot;:&quot;SL_06&quot;,&quot;date&quot;:1772222074,&quot;random&quot;:5988,&quot;popup_src&quot;:&quot;\\\/wp-content\\\/plugins\\\/wp_auto_grid\\\/..\\\/..\\\/..\\\/INO-Galeries\\\/GALERIES-PERSO\\\/SL\\\/SL_06.jpg&quot;},{&quot;directory&quot;:&quot;\\\/home\\\/imaginoeih\\\/www\\\/wp-content\\\/plugins\\\/wp_auto_grid\\\/..\\\/..\\\/..\\\/INO-Galeries\\\/GALERIES-PERSO\\\/SL&quot;,&quot;directory_date&quot;:1772222075,&quot;filter&quot;:&quot;&quot;,&quot;extra_filter&quot;:&quot;&quot;,&quot;thumb_src&quot;:&quot;\\\/wp-content\\\/plugins\\\/wp_auto_grid\\\/..\\\/..\\\/..\\\/INO-Galeries\\\/GALERIES-PERSO\\\/SL\\\/SL_05.jpg&quot;,&quot;name&quot;:&quot;SL_05&quot;,&quot;date&quot;:1772222074,&quot;random&quot;:6308,&quot;popup_src&quot;:&quot;\\\/wp-content\\\/plugins\\\/wp_auto_grid\\\/..\\\/..\\\/..\\\/INO-Galeries\\\/GALERIES-PERSO\\\/SL\\\/SL_05.jpg&quot;},{&quot;directory&quot;:&quot;\\\/home\\\/imaginoeih\\\/www\\\/wp-content\\\/plugins\\\/wp_auto_grid\\\/..\\\/..\\\/..\\\/INO-Galeries\\\/GALERIES-PERSO\\\/SL&quot;,&quot;directory_date&quot;:1772222075,&quot;filter&quot;:&quot;&quot;,&quot;extra_filter&quot;:&quot;&quot;,&quot;thumb_src&quot;:&quot;\\\/wp-content\\\/plugins\\\/wp_auto_grid\\\/..\\\/..\\\/..\\\/INO-Galeries\\\/GALERIES-PERSO\\\/SL\\\/SL_02.jpg&quot;,&quot;name&quot;:&quot;SL_02&quot;,&quot;date&quot;:1772222074,&quot;random&quot;:8502,&quot;popup_src&quot;:&quot;\\\/wp-content\\\/plugins\\\/wp_auto_grid\\\/..\\\/..\\\/..\\\/INO-Galeries\\\/GALERIES-PERSO\\\/SL\\\/SL_02.jpg&quot;},{&quot;directory&quot;:&quot;\\\/home\\\/imaginoeih\\\/www\\\/wp-content\\\/plugins\\\/wp_auto_grid\\\/..\\\/..\\\/..\\\/INO-Galeries\\\/GALERIES-PERSO\\\/SL&quot;,&quot;directory_date&quot;:1772222075,&quot;filter&quot;:&quot;&quot;,&quot;extra_filter&quot;:&quot;&quot;,&quot;thumb_src&quot;:&quot;\\\/wp-content\\\/plugins\\\/wp_auto_grid\\\/..\\\/..\\\/..\\\/INO-Galeries\\\/GALERIES-PERSO\\\/SL\\\/SL_03.jpg&quot;,&quot;name&quot;:&quot;SL_03&quot;,&quot;date&quot;:1772222074,&quot;random&quot;:727,&quot;popup_src&quot;:&quot;\\\/wp-content\\\/plugins\\\/wp_auto_grid\\\/..\\\/..\\\/..\\\/INO-Galeries\\\/GALERIES-PERSO\\\/SL\\\/SL_03.jpg&quot;},{&quot;directory&quot;:&quot;\\\/home\\\/imaginoeih\\\/www\\\/wp-content\\\/plugins\\\/wp_auto_grid\\\/..\\\/..\\\/..\\\/INO-Galeries\\\/GALERIES-PERSO\\\/SL&quot;,&quot;directory_date&quot;:1772222075,&quot;filter&quot;:&quot;&quot;,&quot;extra_filter&quot;:&quot;&quot;,&quot;thumb_src&quot;:&quot;\\\/wp-content\\\/plugins\\\/wp_auto_grid\\\/..\\\/..\\\/..\\\/INO-Galeries\\\/GALERIES-PERSO\\\/SL\\\/SL_04.jpg&quot;,&quot;name&quot;:&quot;SL_04&quot;,&quot;date&quot;:1772222074,&quot;random&quot;:5487,&quot;popup_src&quot;:&quot;\\\/wp-content\\\/plugins\\\/wp_auto_grid\\\/..\\\/..\\\/..\\\/INO-Galeries\\\/GALERIES-PERSO\\\/SL\\\/SL_04.jpg&quot;}]'><\/div>\n    \t\t\t\t\t\t<\/div> \n","protected":false},"excerpt":{"rendered":"<p>SYLVIE LAPORTE<\/p>\n","protected":false},"author":2,"featured_media":0,"parent":0,"menu_order":0,"comment_status":"closed","ping_status":"closed","template":"","meta":{"footnotes":""},"class_list":["post-380","page","type-page","status-publish","hentry","no-post-thumbnail","post-grid-3-col","entry"],"_links":{"self":[{"href":"https:\/\/imaginoeil.fr\/index.php?rest_route=\/wp\/v2\/pages\/380","targetHints":{"allow":["GET"]}}],"collection":[{"href":"https:\/\/imaginoeil.fr\/index.php?rest_route=\/wp\/v2\/pages"}],"about":[{"href":"https:\/\/imaginoeil.fr\/index.php?rest_route=\/wp\/v2\/types\/page"}],"author":[{"embeddable":true,"href":"https:\/\/imaginoeil.fr\/index.php?rest_route=\/wp\/v2\/users\/2"}],"replies":[{"embeddable":true,"href":"https:\/\/imaginoeil.fr\/index.php?rest_route=%2Fwp%2Fv2%2Fcomments&post=380"}],"version-history":[{"count":3,"href":"https:\/\/imaginoeil.fr\/index.php?rest_route=\/wp\/v2\/pages\/380\/revisions"}],"predecessor-version":[{"id":384,"href":"https:\/\/imaginoeil.fr\/index.php?rest_route=\/wp\/v2\/pages\/380\/revisions\/384"}],"wp:attachment":[{"href":"https:\/\/imaginoeil.fr\/index.php?rest_route=%2Fwp%2Fv2%2Fmedia&parent=380"}],"curies":[{"name":"wp","href":"https:\/\/api.w.org\/{rel}","templated":true}]}}