{"id":91,"date":"2018-04-19T22:36:11","date_gmt":"2018-04-19T20:36:11","guid":{"rendered":"http:\/\/imaginoeil.fr\/?page_id=91"},"modified":"2019-11-23T20:04:18","modified_gmt":"2019-11-23T19:04:18","slug":"07-forum","status":"publish","type":"page","link":"https:\/\/imaginoeil.fr\/?page_id=91","title":{"rendered":"07 &#8211; Forum"},"content":{"rendered":"<p style=\"text-align: center;\">Ce forum est un espace priv\u00e9 r\u00e9serv\u00e9 aux membres<br \/>\ndu collectif\u00a0 Imagin&rsquo;Oeil.<\/p>\n<p style=\"text-align: center;\">Il est donc inutile de tenter une inscription<br \/>\nsi vous n&rsquo;en faites pas partie :<br \/>\nles inscriptions sont mod\u00e9r\u00e9es<br \/>\net n\u00e9cessitent une validation par l&rsquo;administrateur du forum.<\/p>\n<p style=\"text-align: center;\">Pour venir nous rencontrer,<br \/>\ncontactez-nous d\u2019abord par courrier \u00e9lectronique<br \/>\n(lien Contact du menu).<\/p>\n<p style=\"text-align: center;\"><a href=\"https:\/\/imaginoeil.fr\/FORUM\/ucp.php?mode=login\">Acc\u00e9der au forum<\/a><\/p>\n","protected":false},"excerpt":{"rendered":"<p>Ce forum est un espace priv\u00e9 r\u00e9serv\u00e9 aux membres du collectif\u00a0 Imagin&rsquo;Oeil. Il est donc inutile de tenter une inscription si vous n&rsquo;en faites pas partie : les inscriptions sont mod\u00e9r\u00e9es et n\u00e9cessitent une validation par l&rsquo;administrateur du forum. Pour venir nous rencontrer, contactez-nous d\u2019abord par courrier \u00e9lectronique (lien Contact du menu). Acc\u00e9der au forum<\/p>\n","protected":false},"author":2,"featured_media":0,"parent":0,"menu_order":0,"comment_status":"closed","ping_status":"closed","template":"","meta":{"footnotes":""},"class_list":["post-91","page","type-page","status-publish","hentry","no-post-thumbnail","post-grid-3-col","entry"],"_links":{"self":[{"href":"https:\/\/imaginoeil.fr\/index.php?rest_route=\/wp\/v2\/pages\/91","targetHints":{"allow":["GET"]}}],"collection":[{"href":"https:\/\/imaginoeil.fr\/index.php?rest_route=\/wp\/v2\/pages"}],"about":[{"href":"https:\/\/imaginoeil.fr\/index.php?rest_route=\/wp\/v2\/types\/page"}],"author":[{"embeddable":true,"href":"https:\/\/imaginoeil.fr\/index.php?rest_route=\/wp\/v2\/users\/2"}],"replies":[{"embeddable":true,"href":"https:\/\/imaginoeil.fr\/index.php?rest_route=%2Fwp%2Fv2%2Fcomments&post=91"}],"version-history":[{"count":6,"href":"https:\/\/imaginoeil.fr\/index.php?rest_route=\/wp\/v2\/pages\/91\/revisions"}],"predecessor-version":[{"id":164,"href":"https:\/\/imaginoeil.fr\/index.php?rest_route=\/wp\/v2\/pages\/91\/revisions\/164"}],"wp:attachment":[{"href":"https:\/\/imaginoeil.fr\/index.php?rest_route=%2Fwp%2Fv2%2Fmedia&parent=91"}],"curies":[{"name":"wp","href":"https:\/\/api.w.org\/{rel}","templated":true}]}}